{"id":3244,"date":"2021-06-18T11:50:29","date_gmt":"2021-06-18T11:50:29","guid":{"rendered":"https:\/\/www.lamealoeil.com\/?page_id=3244"},"modified":"2021-06-18T12:55:05","modified_gmt":"2021-06-18T12:55:05","slug":"au-sujet-de-ces-lieux","status":"publish","type":"page","link":"https:\/\/www.lamealoeil.com\/?page_id=3244","title":{"rendered":"Au sujet de ces lieux"},"content":{"rendered":"\n<div class=\"wp-block-image\"><figure class=\"alignleft size-large is-resized\"><img loading=\"lazy\" src=\"https:\/\/www.lamealoeil.com\/wp-content\/uploads\/2021\/06\/Louis-Jean-Desprez-The-Chimera-1777\u201384.jpg\" alt=\"\" class=\"wp-image-3248\" width=\"535\" height=\"412\" srcset=\"https:\/\/www.lamealoeil.com\/wp-content\/uploads\/2021\/06\/Louis-Jean-Desprez-The-Chimera-1777\u201384.jpg 934w, https:\/\/www.lamealoeil.com\/wp-content\/uploads\/2021\/06\/Louis-Jean-Desprez-The-Chimera-1777\u201384-300x230.jpg 300w, https:\/\/www.lamealoeil.com\/wp-content\/uploads\/2021\/06\/Louis-Jean-Desprez-The-Chimera-1777\u201384-768x590.jpg 768w, https:\/\/www.lamealoeil.com\/wp-content\/uploads\/2021\/06\/Louis-Jean-Desprez-The-Chimera-1777\u201384-770x591.jpg 770w\" sizes=\"(max-width: 535px) 100vw, 535px\" \/><\/figure><\/div>\n\n\n\n<p class=\"has-drop-cap\">Vous qui avez divagu\u00e9 jusqu\u2019\u00e0 ce havre enfoui dans les replis de la toile, vous foulez le seuil d\u2019un blog d\u00e9di\u00e9 sans fausse pudeur ni hi\u00e9rarchie aux arts, populaires ou aristocratiques, radieux ou obscurs, chastes ou obsc\u00e8nes, na\u00effs ou cyniques, sages ou r\u00e9fractaires, enfin \u00e0 tout ce qu\u2019il me plaira de d\u00e9cortiquer, de diss\u00e9quer, de fumer, de broyer ou de mac\u00e9rer, avec un go\u00fbt certain pour la culture visuelle, le verbe amphigourique et la critique bilieuse. Vous n\u2019y trouverez sans doute pas de tuto make-up, ni de recette de canard \u00e0 l\u2019orange.<\/p>\n","protected":false},"excerpt":{"rendered":"<p class=\"has-drop-cap\">Vous qui avez divagu\u00e9 jusqu\u2019\u00e0 ce havre enfoui dans les replis de la toile, vous foulez le seuil d\u2019un blog d\u00e9di\u00e9 sans fausse pudeur ni hi\u00e9rarchie aux arts, populaires ou aristocratiques, radieux ou obscurs, chastes ou obsc\u00e8nes, na\u00effs ou cyniques, sages ou r\u00e9fractaires, enfin \u00e0 tout ce qu\u2019il me plaira de d\u00e9cortiquer, de diss\u00e9quer, de fumer, de broyer ou de mac\u00e9rer, avec un go\u00fbt certain pour la culture visuelle, le verbe amphigourique et la critique bilieuse. <a class=\"more-link\" href=\"https:\/\/www.lamealoeil.com\/?page_id=3244\">La suite &raquo;<\/a><\/p>\n","protected":false},"author":1,"featured_media":0,"parent":0,"menu_order":0,"comment_status":"closed","ping_status":"closed","template":"","meta":[],"_links":{"self":[{"href":"https:\/\/www.lamealoeil.com\/index.php?rest_route=\/wp\/v2\/pages\/3244"}],"collection":[{"href":"https:\/\/www.lamealoeil.com\/index.php?rest_route=\/wp\/v2\/pages"}],"about":[{"href":"https:\/\/www.lamealoeil.com\/index.php?rest_route=\/wp\/v2\/types\/page"}],"author":[{"embeddable":true,"href":"https:\/\/www.lamealoeil.com\/index.php?rest_route=\/wp\/v2\/users\/1"}],"replies":[{"embeddable":true,"href":"https:\/\/www.lamealoeil.com\/index.php?rest_route=%2Fwp%2Fv2%2Fcomments&post=3244"}],"version-history":[{"count":4,"href":"https:\/\/www.lamealoeil.com\/index.php?rest_route=\/wp\/v2\/pages\/3244\/revisions"}],"predecessor-version":[{"id":3252,"href":"https:\/\/www.lamealoeil.com\/index.php?rest_route=\/wp\/v2\/pages\/3244\/revisions\/3252"}],"wp:attachment":[{"href":"https:\/\/www.lamealoeil.com\/index.php?rest_route=%2Fwp%2Fv2%2Fmedia&parent=3244"}],"curies":[{"name":"wp","href":"https:\/\/api.w.org\/{rel}","templated":true}]}}